{"id":59,"date":"2024-11-03T20:54:57","date_gmt":"2024-11-03T20:54:57","guid":{"rendered":"https:\/\/hmcn.hu\/hu\/?page_id=59"},"modified":"2025-10-07T09:13:43","modified_gmt":"2025-10-07T09:13:43","slug":"kapcsolat","status":"publish","type":"page","link":"https:\/\/hmcn.hu\/hu\/kapcsolat\/","title":{"rendered":"Kapcsolat"},"content":{"rendered":"\n<p>Emailben a kapcsolat (kukac) anyakozpontok (pont) hu c\u00edmen tud nek\u00fcnk \u00edrni.<\/p>\n\n\n\n<p>Facebook csoport: <a href=\"https:\/\/www.facebook.com\/groups\/anyakozpontok\" target=\"_blank\" rel=\"noreferrer noopener\">https:\/\/www.facebook.com\/groups\/anyakozpontok<\/a><\/p>\n\n\n\n<p>Telefon: +36\u00a030\u00a0018\u00a05257<\/p>\n\n\n\n<p><\/p>\n","protected":false},"excerpt":{"rendered":"<p>Emailben a kapcsolat (kukac) anyakozpontok (pont) hu c\u00edmen tud nek\u00fcnk \u00edrni. Facebook csoport: https:\/\/www.facebook.com\/groups\/anyakozpontok Telefon: +36\u00a030\u00a0018\u00a05257<\/p>\n","protected":false},"author":1,"featured_media":0,"parent":0,"menu_order":0,"comment_status":"closed","ping_status":"closed","template":"","meta":{"footnotes":""},"class_list":["post-59","page","type-page","status-publish","hentry"],"_links":{"self":[{"href":"https:\/\/hmcn.hu\/hu\/wp-json\/wp\/v2\/pages\/59","targetHints":{"allow":["GET"]}}],"collection":[{"href":"https:\/\/hmcn.hu\/hu\/wp-json\/wp\/v2\/pages"}],"about":[{"href":"https:\/\/hmcn.hu\/hu\/wp-json\/wp\/v2\/types\/page"}],"author":[{"embeddable":true,"href":"https:\/\/hmcn.hu\/hu\/wp-json\/wp\/v2\/users\/1"}],"replies":[{"embeddable":true,"href":"https:\/\/hmcn.hu\/hu\/wp-json\/wp\/v2\/comments?post=59"}],"version-history":[{"count":4,"href":"https:\/\/hmcn.hu\/hu\/wp-json\/wp\/v2\/pages\/59\/revisions"}],"predecessor-version":[{"id":98,"href":"https:\/\/hmcn.hu\/hu\/wp-json\/wp\/v2\/pages\/59\/revisions\/98"}],"wp:attachment":[{"href":"https:\/\/hmcn.hu\/hu\/wp-json\/wp\/v2\/media?parent=59"}],"curies":[{"name":"wp","href":"https:\/\/api.w.org\/{rel}","templated":true}]}}